{"id":1841,"date":"2025-09-17T12:11:44","date_gmt":"2025-09-17T12:11:44","guid":{"rendered":"https:\/\/www.alicialobo.com\/accessibility-policy\/"},"modified":"2025-09-17T12:11:44","modified_gmt":"2025-09-17T12:11:44","slug":"accessibility-policy","status":"publish","type":"page","link":"https:\/\/www.alicialobo.com\/en\/accessibility-policy\/","title":{"rendered":"Accessibility policy"},"content":{"rendered":"<h1>POLITICA DE ACCESIBILIDAD<\/h1>\n<h2> 1.DECLARACI\u00d3N DE ACCESIBILIDAD<\/h2>\n<p>Esta web se ha comprometido a hacer accesible contenido de conformidad con el criterio de accesibilidad del Programa Kit Digital, conforme a los anexos de la norma UNE-EN 301 549:2022.<\/p>\n<h3>2.SITUACI\u00d3N DE CUMPLIMIENTO<\/h3>\n<p>Las tecnolog\u00edas web en las que se basa la conformidad de la accesibilidad del presente sitio son <b>HTML5, CSS, WAI-ARIA, DOM as\u00ed como OTRAS<\/b> tecnolog\u00edas de la plataforma WordPress<br \/>\nCon motivo de lo anterior, este sitio web es PARCIALMENTE CONFORME siendo los aspectos de accesibilidad con los que es conforme la presente web los siguientes:<\/p>\n<table width=\"602\" cellpadding=\"7\" cellspacing=\"0\">\n<col width=\"135\">\n<col width=\"136\">\n<col width=\"136\">\n<col width=\"136\">\n<tr valign=\"top\">\n<td width=\"135\"><b>REQUISITOS GEN\u00c9RICOS <\/b><\/td>\n<td width=\"136\"><b>REQUISITOS WEB<\/b><\/td>\n<td width=\"136\"><b>REQUISITOS SOFTWARE<\/b><\/td>\n<td width=\"136\"><b>REQUISITOS DOCUMENTACI\u00d3N Y SERVICIOS DE APOYO<\/b><\/td>\n<\/tr>\n<tr valign=\"top\">\n<td width=\"135\"><b>5.2 Activaci\u00f3n de caracter\u00edsticas de accesibilidad<\/b><\/td>\n<td width=\"136\"><b>9.1.3.3 Caracter\u00edsticas sensoriales.<\/b><\/p>\n<p><b>9.1.3.4 Orientaci\u00f3n<\/b><\/p>\n<p><b>9.1.4.1 Uso del Color. <\/b><\/p>\n<p><b>9.1.4.3 Contraste (m\u00ednimo)<\/b><\/p>\n<p><b>9.1.4.4 Cambio de tama\u00f1o del texto.<\/b><\/p>\n<p><b>9.1.4.10 Reajuste del texto.<\/b><\/p>\n<p><b>9.1.4.11Contraste no textual.<\/b><\/p>\n<p><b>9.1.4.12Espaciado del texto.<\/b><\/p>\n<p><b>9.1.4.13Contenido se\u00f1alado con el puntero o que tiene el foco. <\/b><\/p>\n<p><b>9.2.1.1 Teclado.<\/b><\/p>\n<p><b>9.2.1.2 Sin trampas para el foco del teclado.<\/b><\/p>\n<p><b>9.2.1.4 Atajos del teclado. <\/b><\/p>\n<p><b>9.2.3.1 Umbral de tres destellos o menos.<\/b><\/p>\n<p><b>9.2.4.1 Evitar bloques.<\/b><\/p>\n<p><b>9.2.4.2 Titulado de p\u00e1ginas. <\/b><\/p>\n<p><b>9.2.4.3 Orden del foco. <\/b><\/p>\n<p><b>9.2.4.5 M\u00faltiples v\u00edas.<\/b><\/p>\n<p><b>9.2.4.7 Foco visible. <\/b><\/p>\n<p><b>9.2.5.1 Gestos con el puntero. <\/b><\/p>\n<p><b>9.2.5.3 Inclusi\u00f3n de la etiqueta en el nombre.<\/b><\/p>\n<p><b>9.2.5.4 Activaci\u00f3n mediante movimiento. <\/b><\/p>\n<p><b>9.3.1.1 Idioma de la p\u00e1gina. <\/b><\/p>\n<p><b>9.3.2.1 Al recibir el foco. <\/b><\/p>\n<p><b>9.3.2.2 Al recibir entradas. <\/b><\/p>\n<p><b>9.3.2.3 Navegaci\u00f3n coherente. <\/b><\/p>\n<p><b>9.3.2.4 Identificaci\u00f3n coherente. <\/b><\/p>\n<p><b>9.3.3.1 Identificaci\u00f3n de errores. <\/b><\/p>\n<p><b>9.3.3.2 Etiquetas o instrucciones. <\/b><\/p>\n<p><b>9.3.3.3 Sugerencias ante errores. <\/b><\/p>\n<p><b>9.4.1.2 Nombre, funci\u00f3n, valor. <\/b><\/p>\n<p><b>9.4.1.3 Mensajes de estado.<\/b><\/p>\n<p><b>9.6 Requisitos de conformidad de las Pautas WCAG. <\/b><\/p>\n<\/td>\n<td width=\"136\">\n<p><b>11.7 Preferencias de usuario <\/b><\/p>\n<p><b>11.8.1 Tecnolog\u00eda de gesti\u00f3n de contenidos. <\/b><\/p>\n<p><b>11.8.2 Creaci\u00f3n de contenidos accesibles. <\/b><\/p>\n<p><b>11.8.3 Preservaci\u00f3n de la informaci\u00f3n de accesibilidad durante las transformaciones . <\/b><\/p>\n<p><b>11.8.4 Servicio de reparaci\u00f3n. <\/b><\/p>\n<p><b>11.8.5 Plantillas. <\/b><\/p>\n<\/td>\n<td width=\"136\">\n<p><b>12.1.1 Caracter\u00edsticasde accesibilidad y compatibilidad<\/b><\/p>\n<p><b>12.1.2 Documentaci\u00f3n accesible<\/b><\/p>\n<p><b>12.2.3 Comunicaci\u00f3n efectiva<\/b><\/p>\n<p><b>12.2.4 Documentaci\u00f3n accesible<\/b><\/p>\n<\/td>\n<\/tr>\n<\/table>\n<p>\n<\/p>\n<p>\n<\/p>\n<h3><b>3.CONTENIDO NO ACCESIBLE<\/b><\/h3>\n<p>Por el contrario, el contenido de los puntos que se recogen a continuaci\u00f3n no son accesibles por los siguientes motivos:<\/p>\n<p><b>9.1.1.1 Contenido no textual. <\/b>Cuando<br \/>\nlas TIC sean una p\u00e1gina web. <\/p>\n<p>Todo contenido no textual que se presenta al usuario tiene una alternativa textual que cumple el mismo prop\u00f3sito, excepto en las situaciones enumeradas a continuaci\u00f3n:<\/p>\n<p>&#8211; Controles, Entrada de datos: Si el contenido no textual es un control o acepta datos introducidos por el usuario, entonces tiene un nombre que describe su prop\u00f3sito. (V\u00e9ase la Pauta 4.1 para requisitos adicionales sobre los controles y el contenido que aceptan entrada de datos). <\/p>\n<p>&#8211; Contenido multimedia tempodependiente: Si el contenido no textual es una presentaci\u00f3n multimedia con desarrollo temporal, entonces las alternativas textuales proporcionan al menos una identificaci\u00f3n descriptiva del contenido no textual. (V\u00e9ase la Pauta 1.2 para requisitos adicionales sobre contenido multimedia). <\/p>\n<p>&#8211; Pruebas: Si el contenido no textual es una prueba o un ejercicio que no ser\u00eda v\u00e1lido si se presentara en forma de texto, entonces las alternativas textuales proporcionan al menos una identificaci\u00f3n descriptiva del contenido no textual.<\/p>\n<p>&#8211; Sensorial: Si el contenido no textual tiene como objetivo principal el crear una experiencia sensorial espec\u00edfica, entonces las alternativas textuales proporcionan al menos una identificaci\u00f3n descriptiva del contenido no textual.<\/p>\n<p>&#8211; CAPTCHA: Si el prop\u00f3sito del contenido no textual es confirmar que quien est\u00e1 accediendo al contenido es una persona y no una computadora, entonces se proporcionan alternativas textuales que identifican y describen el prop\u00f3sito del contenido no textual y se proporcionan formas alternativas de CAPTCHA con modos de salida para distintos tipos de percepciones sensoriales, con el fin de acomodarse a las diferentes discapacidades.<\/p>\n<p>&#8211; Decoraci\u00f3n, Formato, Invisible: Si el contenido no textual es simple decoraci\u00f3n, se utiliza \u00fanicamente para definir el formato visual o no se presenta a los usuarios, entonces se implementa de forma que pueda ser ignorado por las ayudas t\u00e9cnicas.<\/p>\n<p><b>9.1.3.1 Informaci\u00f3n y relaciones<\/b>Cuando las TIC sean una p\u00e1gina web.<\/p>\n<p>La informaci\u00f3n, estructura y relaciones comunicadas a trav\u00e9s de la presentaci\u00f3n pueden ser determinadas por software o est\u00e1n disponibles como texto.<\/p>\n<p><b>9.2.4.4 Prop\u00f3sito de los enlaces (en contexto). <\/b>Cuando las TIC sean una p\u00e1gina web.<\/p>\n<p>El prop\u00f3sito de cada enlace puede ser determinado con s\u00f3lo el texto del enlace o a trav\u00e9s del texto del enlace sumado al contexto del enlace determinado por software, excepto cuando el prop\u00f3sito del enlace resultara ambiguo para los usuarios en general. (Nivel A) <\/p>\n<p><b>-9.2.4.6 Encabezados y etiquetas. <\/b>Cuando las TIC sean una p\u00e1gina web.<\/p>\n<p>Los encabezados y etiquetas describen el tema o prop\u00f3sito. (Nivel AA) <\/p>\n<p><b>-9.4.1.1 Procesamiento.<\/b>Cuando las TIC sean una p\u00e1gina web.<\/p>\n<p>En los contenidos implementados mediante el uso de lenguajes de marcas, los elementos tienen las etiquetas de apertura y cierre completas; los elementos est\u00e1n anidados de acuerdo a sus especificaciones; los elementos no contienen atributos duplicados y los ID son \u00fanicos, excepto cuando las especificaciones permitan estas caracter\u00edsticas. (Nivel A) <\/p>\n<h3 {{{wpml_tag_263}}}4. PREPARACI\u00d3N DE LA PRESENTE DECLARACI\u00d3N DE ACCESIBILIDADWPML_COMMENT_3820_0|{{{wpml_tag_264}}}\n{{{wpml_tag_265}}}La presente declaraci\u00f3n fue preparada el 1 de enero de 2023{{{wpml_tag_266}}}\n{{{wpml_tag_267}}}El m\u00e9todo empleado para preparar la declaraci\u00f3n ha sido la empresa tercera QDQ MEDIA SAU la cual certifica que el presente sitio web corresponde sustancialmente a la interpretaci\u00f3n de la gu\u00eda informativa proporcionada por las pautas WCAG 2.1 AA. En este esfuerzo continuo en la eliminaci\u00f3n de barreras y seguir\u00e1n mejorando este sitio hasta alcanzar una accesibilidad y usabilidad \u00f3ptimas para todos los usuarios{{{wpml_tag_268}}}\n{{{wpml_tag_269}}}\u00daltima revisi\u00f3n de la declaraci\u00f3n: 1 de enero de 2023{{{wpml_tag_270}}}\n{{{wpml_tag_271}}} ><b>5.OBSERVACIONES Y DATOS DE CONTACTO<\/b><\/p>\n<p>Si encuentra barreras de acceso o problemas con alguna p\u00e1gina o funci\u00f3n de este sitio web que pueda suponer un obst\u00e1culo para los visitantes que quieran acceder a \u00e9l, puede ponerse en contacto en cualquier momento en la direcci\u00f3n de correo electr\u00f3nico del aviso legal.<\/p>\n","protected":false},"excerpt":{"rendered":"<p>POLITICA DE ACCESIBILIDAD 1.DECLARACI\u00d3N DE ACCESIBILIDAD Esta web se ha comprometido a hacer accesible contenido de conformidad con el criterio de accesibilidad del Programa Kit Digital, conforme a los anexos de la norma UNE-EN 301 549:2022. 2.SITUACI\u00d3N DE CUMPLIMIENTO Las tecnolog\u00edas web en las que se basa la conformidad de la accesibilidad del presente sitio [&hellip;]<\/p>\n","protected":false},"author":1,"featured_media":0,"parent":0,"menu_order":0,"comment_status":"closed","ping_status":"closed","template":"","meta":{"_acf_changed":false,"_monsterinsights_skip_tracking":false,"_monsterinsights_sitenote_active":false,"_monsterinsights_sitenote_note":"","_monsterinsights_sitenote_category":0,"footnotes":""},"class_list":["post-1841","page","type-page","status-publish","hentry"],"acf":[],"_links":{"self":[{"href":"https:\/\/www.alicialobo.com\/en\/wp-json\/wp\/v2\/pages\/1841","targetHints":{"allow":["GET"]}}],"collection":[{"href":"https:\/\/www.alicialobo.com\/en\/wp-json\/wp\/v2\/pages"}],"about":[{"href":"https:\/\/www.alicialobo.com\/en\/wp-json\/wp\/v2\/types\/page"}],"author":[{"embeddable":true,"href":"https:\/\/www.alicialobo.com\/en\/wp-json\/wp\/v2\/users\/1"}],"replies":[{"embeddable":true,"href":"https:\/\/www.alicialobo.com\/en\/wp-json\/wp\/v2\/comments?post=1841"}],"version-history":[{"count":0,"href":"https:\/\/www.alicialobo.com\/en\/wp-json\/wp\/v2\/pages\/1841\/revisions"}],"wp:attachment":[{"href":"https:\/\/www.alicialobo.com\/en\/wp-json\/wp\/v2\/media?parent=1841"}],"curies":[{"name":"wp","href":"https:\/\/api.w.org\/{rel}","templated":true}]}}